{"id":7,"date":"2014-05-27T14:12:56","date_gmt":"2014-05-27T13:12:56","guid":{"rendered":"http:\/\/www.economistes-arabes.org\/fr\/?page_id=7"},"modified":"2023-01-30T10:36:02","modified_gmt":"2023-01-30T09:36:02","slug":"qui-sommes-nous","status":"publish","type":"page","link":"http:\/\/www.economistes-arabes.org\/fr\/qui-sommes-nous\/","title":{"rendered":"Qui sommes-nous?"},"content":{"rendered":"<p>Le Cercle des Economistes Arabes est un groupe de r\u00e9flexion cr\u00e9\u00e9 en avril 2009 \u00e0 Paris. Son ambition est d\u2019animer dialogues et rencontres autour des enjeux \u00e9conomiques et financiers auxquels font face les pays arabes, et d\u2019initier des travaux de recherches. Le Cercle regroupe des personnalit\u00e9s venant d\u2019horizons divers : \u00e9conomistes, universitaires, chefs d\u2019entreprises, journalistes \u00e9conomiques et cadres sup\u00e9rieurs du secteur priv\u00e9 et d\u2019organismes internationaux ou publics.<\/p>\n<p>Les th\u00e8mes sur lesquels intervient le Cercle des Economistes Arabes comprennent principalement : les politiques \u00e9conomiques (facteurs de croissance, politiques industrielles et \u00e9nerg\u00e9tiques), les politiques sociales (emploi, secteur informel, syst\u00e8mes de sant\u00e9 et de retraites), les politiques financi\u00e8res et mon\u00e9taires, etc.<\/p>\n<p>Outre les r\u00e9unions r\u00e9guli\u00e8res de ses membres, le Cercle entend organiser diff\u00e9rentes manifestations et intervenir dans les m\u00e9dias et publications sp\u00e9cialis\u00e9es.<\/p>\n<p>Le Cercle des \u00e9conomistes Arabes\u00a0 est pr\u00e9sid\u00e9 par M. Samir Aita, entour\u00e9 du comit\u00e9 de Direction compos\u00e9 de MM. Fadi Halout, Karim Bitar, Mohamed Ali Marouani, Hela Yousfi.<\/p>\n<!-- Facebook Page Plugin by Medust: http:\/\/medust.com -->\r\n\t\t<div class=\"fb-recommendations-bar\" data-href=\"http:\/\/www.economistes-arabes.org\/fr\/qui-sommes-nous\/\" data-read-time=\"5\" data-side=\"\" data-action=\"like\"><\/div>","protected":false},"excerpt":{"rendered":"<p>Le Cercle des Economistes Arabes est un groupe de r\u00e9flexion cr\u00e9\u00e9 en avril 2009 \u00e0 Paris. Son ambition est d\u2019animer dialogues et rencontres autour des enjeux \u00e9conomiques et financiers auxquels font face les pays arabes, et d\u2019initier des travaux de<a class=\"more-link\" href=\"http:\/\/www.economistes-arabes.org\/fr\/qui-sommes-nous\/\">Read more&#8230;<\/a><\/p>\n","protected":false},"author":1,"featured_media":0,"parent":0,"menu_order":0,"comment_status":"open","ping_status":"open","template":"","meta":{"footnotes":""},"class_list":["post-7","page","type-page","status-publish","hentry"],"_links":{"self":[{"href":"http:\/\/www.economistes-arabes.org\/fr\/wp-json\/wp\/v2\/pages\/7","targetHints":{"allow":["GET"]}}],"collection":[{"href":"http:\/\/www.economistes-arabes.org\/fr\/wp-json\/wp\/v2\/pages"}],"about":[{"href":"http:\/\/www.economistes-arabes.org\/fr\/wp-json\/wp\/v2\/types\/page"}],"author":[{"embeddable":true,"href":"http:\/\/www.economistes-arabes.org\/fr\/wp-json\/wp\/v2\/users\/1"}],"replies":[{"embeddable":true,"href":"http:\/\/www.economistes-arabes.org\/fr\/wp-json\/wp\/v2\/comments?post=7"}],"version-history":[{"count":4,"href":"http:\/\/www.economistes-arabes.org\/fr\/wp-json\/wp\/v2\/pages\/7\/revisions"}],"predecessor-version":[{"id":1269,"href":"http:\/\/www.economistes-arabes.org\/fr\/wp-json\/wp\/v2\/pages\/7\/revisions\/1269"}],"wp:attachment":[{"href":"http:\/\/www.economistes-arabes.org\/fr\/wp-json\/wp\/v2\/media?parent=7"}],"curies":[{"name":"wp","href":"https:\/\/api.w.org\/{rel}","templated":true}]}}