{"id":67,"date":"2008-05-28T20:33:42","date_gmt":"2008-05-28T19:33:42","guid":{"rendered":"http:\/\/www.economistes-arabes.org\/fr\/?page_id=67"},"modified":"2014-06-17T19:01:52","modified_gmt":"2014-06-17T18:01:52","slug":"nos-membres-fondateurs","status":"publish","type":"page","link":"https:\/\/www.economistes-arabes.org\/fr\/qui-sommes-nous\/nos-membres-fondateurs\/","title":{"rendered":"Nos membres fondateurs"},"content":{"rendered":"<h2 style=\"text-align: center;\">Les membres du bureau<\/h2>\n<div id=\"body_layer\" style=\"color: #000000;\">\n<div id=\"id3\" class=\"style_SkipStroke_3 shape-with-text\">\n<div class=\"text-content Normal_External_500_56\">\n<div class=\"Normal\"><\/div>\n<div class=\"tinyText\"><strong>Samir AITA<\/strong><\/div>\n<\/div>\n<\/div>\n<div class=\"tinyText style_SkipStroke\"><img decoding=\"async\" src=\"http:\/\/www.economistes-arabes.org\/Cercle_des_economistes_arabes\/Nos_membres_actifs_files\/samiraita1.png\" alt=\"\" \/><\/div>\n<div id=\"id4\" class=\"style_SkipStroke_4 shape-with-text\">\n<div class=\"text-content graphic_textbox_layout_style_default_External_486_127\">\n<div class=\"graphic_textbox_layout_style_default\">\n<p class=\"paragraph_style_2\" style=\"color: #0074f9;\">Economiste, ancien r\u00e9dacteur en chef et directeur g\u00e9n\u00e9ral de l\u2019\u00e9dition arabe du Monde Diplomatique.\u00a0Pr\u00e9sident du cercle des economistes arabes.<a style=\"color: #7d8389;\" title=\"Samir_Aita.html\" href=\"http:\/\/www.economistes-arabes.org\/Cercle_des_economistes_arabes\/Samir_Aita.html\">Cliquer ici pour plus d\u2019informations.<\/a><\/p>\n<p class=\"paragraph_style_4\"><strong>Karim BITAR<\/strong><\/p>\n<\/div>\n<\/div>\n<\/div>\n<div class=\"tinyText style_SkipStroke\"><img decoding=\"async\" src=\"http:\/\/www.economistes-arabes.org\/Cercle_des_economistes_arabes\/Nos_membres_actifs_files\/kbpic.jpg\" alt=\"\" \/><\/div>\n<div id=\"id5\" class=\"style_SkipStroke_4 shape-with-text\">\n<div class=\"text-content graphic_textbox_layout_style_default_External_509_137\">\n<div class=\"graphic_textbox_layout_style_default\">\n<p class=\"paragraph_style_2\" style=\"color: #0074f9;\">Chercheur associ\u00e9 \u00e0 l\u2019IRIS. Directeur g\u00e9n\u00e9ral de KB Consulting Group, directeur de la r\u00e9daction de l\u2019<span class=\"style_1\">ENA hors les murs<\/span>\u00a0et chercheur associ\u00e9 \u00e0 l\u2019IRIS.\u00a0Membre du comit\u00e9 de direction du cercle des \u00e9conomistes arabes.\u00a0<a style=\"color: #7d8389;\" title=\"http:\/\/www.karimbitar.org\/\" href=\"http:\/\/www.karimbitar.org\/\">Cliquer ici pour acc\u00e9der \u00e0 son site web (www.karimbitar.org) .<\/a>\u00a0<a style=\"color: #7d8389;\" title=\"http:\/\/www.iris-france.org\/cv.php?fichier=cv\/cv&amp;nom=bitar\" href=\"http:\/\/www.iris-france.org\/cv.php?fichier=cv\/cv&amp;nom=bitar\">Cliquer ici pour consulter son cv et ses publications \u00e0 l\u2019IRIS.<\/a><\/p>\n<p class=\"paragraph_style_2\" style=\"color: #0074f9;\"><strong>Moncef CHEIKH-ROUHOU<\/strong><\/p>\n<\/div>\n<\/div>\n<\/div>\n<div class=\"tinyText style_SkipStroke\"><img decoding=\"async\" src=\"http:\/\/www.economistes-arabes.org\/Cercle_des_economistes_arabes\/Nos_membres_actifs_files\/CheikhRouhou.jpg\" alt=\"\" \/><\/div>\n<div id=\"id6\" class=\"style_SkipStroke_4 shape-with-text\">\n<div class=\"text-content graphic_textbox_layout_style_default_External_453_101\">\n<div class=\"graphic_textbox_layout_style_default\">\n<p class=\"paragraph_style_2\" style=\"color: #0074f9;\">Professeur affili\u00e9 d\u2019\u00e9conomie manag\u00e9riale et de finance internationale \u00e0 HEC Paris.\u00a0Membre du comit\u00e9 de direction du cercle des \u00e9conomistes arabes. Membre de l&rsquo;assembl\u00e9e constituante en Tunisie.<\/p>\n<p class=\"paragraph_style_2\" style=\"color: #0074f9;\"><strong>Fadi HALOUT<\/strong><\/p>\n<\/div>\n<\/div>\n<\/div>\n<div class=\"tinyText style_SkipStroke\"><img decoding=\"async\" src=\"http:\/\/www.economistes-arabes.org\/Cercle_des_economistes_arabes\/Nos_membres_actifs_files\/Halout.jpg\" alt=\"\" \/><\/div>\n<div id=\"id7\" class=\"style_SkipStroke_4 shape-with-text\">\n<div class=\"text-content graphic_textbox_layout_style_default_External_396_87\">\n<div class=\"graphic_textbox_layout_style_default\">\n<p class=\"paragraph_style_2\" style=\"color: #0074f9;\">Directeur g\u00e9n\u00e9ral de la National Bank of Abu Dhabi, succursale de Paris.\u00a0Membre du comit\u00e9 de direction du cercle des \u00e9conomistes arabes.<\/p>\n<p class=\"paragraph_style_2\" style=\"color: #0074f9;\"><strong>Mohamed Ali MAROUANI<\/strong><\/p>\n<\/div>\n<\/div>\n<\/div>\n<div class=\"tinyText style_SkipStroke\"><img decoding=\"async\" src=\"http:\/\/www.economistes-arabes.org\/Cercle_des_economistes_arabes\/Nos_membres_actifs_files\/small.jpg\" alt=\"\" \/><\/div>\n<div id=\"id8\" class=\"style_SkipStroke_4 shape-with-text\">\n<div class=\"text-content graphic_textbox_layout_style_default_External_510_128\">\n<div class=\"graphic_textbox_layout_style_default\">\n<p class=\"paragraph_style_2\" style=\"color: #0074f9;\">Ma\u00eetre de conf\u00e9rences \u00e0 l&rsquo;Universit\u00e9 Paris1-Panth\u00e9on-Sorbonne, chercheur associ\u00e9 \u00e0 DIAL et\u00a0ERF research fellow. Secr\u00e9taire G\u00e9n\u00e9ral\u00a0du cercle des \u00e9conomistes arabes.\u00a0<a style=\"color: #7d8389;\" title=\"http:\/\/www.dial.prd.fr\/dial_presentation\/dial_equipe_chercheurs.htm\" href=\"http:\/\/www.dial.prd.fr\/dial_presentation\/dial_equipe_chercheurs.htm\">Cliquer ici pour acc\u00e9der \u00e0 son cv.<\/a><\/p>\n<div id=\"id36\" class=\"style_SkipStroke_4 shape-with-text\">\n<div class=\"text-content graphic_textbox_layout_style_default_External_475_96\">\n<div class=\"graphic_textbox_layout_style_default\">\n<p class=\"paragraph_style_2\"><strong>Akram BELKAID<\/strong><\/p>\n<div class=\"tinyText style_SkipStroke\"><img decoding=\"async\" src=\"http:\/\/www.economistes-arabes.org\/Cercle_des_economistes_arabes\/Nos_membres_actifs_files\/arton59.jpg\" alt=\"\" \/><\/div>\n<\/div>\n<\/div>\n<\/div>\n<div id=\"id38\" class=\"style_SkipStroke_3 shape-with-text\">\n<p class=\"paragraph_style_3\">Journaliste.\u00a0Membre du comit\u00e9 de direction du cercle des \u00e9conomistes arabes.\u00a0<a style=\"color: #7d8389;\" title=\"http:\/\/www.akrambelkaid.com\/\" href=\"http:\/\/www.akrambelkaid.com\/\">Cliquer ici pour acc\u00e9der \u00e0 son site web.<\/a><\/p>\n<\/div>\n<div id=\"id39\" class=\"style_SkipStroke_4 shape-with-text\">\n<div class=\"text-content graphic_textbox_layout_style_default_External_100_43\">\n<div class=\"graphic_textbox_layout_style_default\">\n<p class=\"paragraph_style_2\">\n<\/div>\n<\/div>\n<\/div>\n<\/div>\n<\/div>\n<\/div>\n<div class=\"style_SkipStroke_4 shape-with-text\"><strong>Hakim BEN HAMMOUDA<\/strong><\/div>\n<div id=\"id10\" class=\"style_SkipStroke_4 shape-with-text\"><\/div>\n<div class=\"tinyText style_SkipStroke\"><img decoding=\"async\" src=\"http:\/\/www.economistes-arabes.org\/Cercle_des_economistes_arabes\/Nos_membres_actifs_files\/hakim5.jpg\" alt=\"\" \/><\/div>\n<div id=\"id12\" class=\"style_SkipStroke_3 shape-with-text\">\n<div class=\"text-content Normal_External_500_56\">\n<div class=\"Normal\">\n<p class=\"paragraph_style_1\" style=\"font-weight: bold; color: #ba7a4c;\">Ministre tunisien de l&rsquo;\u00e9conomie et des finances.\u00a0<a style=\"color: #7d8389;\" title=\"http:\/\/hakimbenhammouda.com\/\" href=\"http:\/\/hakimbenhammouda.com\/\">Cliquer ici pour acc\u00e9der \u00e0 son site web.<\/a><\/p>\n<\/div>\n<\/div>\n<\/div>\n<div id=\"id14\" class=\"style_SkipStroke_4 shape-with-text\">\n<div class=\"text-content graphic_textbox_layout_style_default_External_448_108\">\n<div class=\"graphic_textbox_layout_style_default\">\n<p class=\"paragraph_style_2\" style=\"color: #0074f9;\"><strong>Antoine CHEBLI<\/strong><\/p>\n<p class=\"paragraph_style_3\">Analyste risques.\u00a0Ancien Vice-Pr\u00e9sident d\u00e9l\u00e9gu\u00e9 aux relations internationales de la Jeune Chambre Economique du Liban.\u00a0S\u00e9nateur de la Jeune Chambre Internationale (JCI)<\/p>\n<\/div>\n<\/div>\n<\/div>\n<div id=\"id15\" class=\"style_SkipStroke_4 shape-with-text\">\n<div class=\"text-content graphic_textbox_layout_style_default_External_93_24\">\n<div class=\"graphic_textbox_layout_style_default\">\n<p class=\"paragraph_style_2\" style=\"color: #0074f9;\"><strong>Said KECHIDA<\/strong><\/p>\n<p class=\"paragraph_style_2\" style=\"color: #0074f9;\">Economiste, Direction des Affaires Financi\u00e8res et des Entreprises, Organisation de Coop\u00e9ration et de D\u00e9veloppement Economique (OCDE).<\/p>\n<p class=\"paragraph_style_2\" style=\"color: #0074f9;\">\n<\/div>\n<\/div>\n<\/div>\n<div id=\"id16\" class=\"style_SkipStroke_4 shape-with-text\">\n<div class=\"text-content graphic_textbox_layout_style_default_External_88_24\">\n<div class=\"graphic_textbox_layout_style_default\">\n<p class=\"paragraph_style_2\" style=\"color: #0074f9;\"><strong>El Mouhoub MOUHOUD<\/strong><\/p>\n<\/div>\n<\/div>\n<\/div>\n<div class=\"tinyText style_SkipStroke\"><img decoding=\"async\" src=\"http:\/\/www.economistes-arabes.org\/Cercle_des_economistes_arabes\/Nos_membres_actifs_files\/image002.jpg\" alt=\"\" \/><\/div>\n<div id=\"id17\" class=\"style_SkipStroke_4 shape-with-text\">\n<div class=\"text-content graphic_textbox_layout_style_default_External_100_43\">\n<div class=\"graphic_textbox_layout_style_default\">\n<p class=\"paragraph_style_2\" style=\"color: #0074f9;\">Professeur d\u2019\u00e9conomie \u00e0 l\u2019universit\u00e9 Paris Dauphine, agr\u00e9g\u00e9 des facult\u00e9s de sciences \u00e9conomiques (1994) et docteur en \u00e9conomie de l\u2019universit\u00e9 de Paris I Sorbonne (1991).<\/p>\n<\/div>\n<\/div>\n<\/div>\n<div id=\"id20\" class=\"style_SkipStroke_4 shape-with-text\"><\/div>\n<div id=\"id22\" class=\"style_SkipStroke_4 shape-with-text\">\n<div class=\"text-content graphic_textbox_layout_style_default_External_131_31\">\n<div class=\"graphic_textbox_layout_style_default\">\n<p class=\"paragraph_style_2\" style=\"color: #0074f9;\"><strong>Anouar HASSOUN<\/strong><\/p>\n<\/div>\n<\/div>\n<\/div>\n<div class=\"tinyText style_SkipStroke\"><img decoding=\"async\" src=\"http:\/\/www.economistes-arabes.org\/Cercle_des_economistes_arabes\/Nos_membres_actifs_files\/Anouar%20Hassoune%20Photo%202.jpg\" alt=\"\" \/><\/div>\n<div class=\"tinyText style_SkipStroke\">\n<p class=\"paragraph_style_3\">Vice pr\u00e9sident, Moody\u2019s.<\/p>\n<p class=\"paragraph_style_3\">Anouar est aussi professeur d\u2019\u00e9conomie appliqu\u00e9e et de finance islamique \u00e0 l&rsquo;\u00e9cole HEC, \u00e0 Sciences Po et \u00e0 l\u2019Universit\u00e9 de Paris Dauphine<\/p>\n<\/div>\n<div id=\"widget1\" class=\"com-apple-iweb-widget-HTMLRegion\"><\/div>\n<div id=\"id26\" class=\"style_SkipStroke_4 shape-with-text\">\n<div class=\"text-content graphic_textbox_layout_style_default_External_167_40\">\n<div class=\"graphic_textbox_layout_style_default\">\n<p class=\"paragraph_style_2\" style=\"color: #0074f9;\">\n<\/div>\n<\/div>\n<\/div>\n<div id=\"id35\" class=\"style_SkipStroke_4 shape-with-text\"><\/div>\n<div id=\"id36\" class=\"style_SkipStroke_4 shape-with-text\"><\/div>\n<\/div>\n<div id=\"footer_layer\" style=\"color: #000000;\"><\/div>\n<!-- Facebook Page Plugin by Medust: http:\/\/medust.com -->\r\n\t\t<div class=\"fb-recommendations-bar\" data-href=\"https:\/\/www.economistes-arabes.org\/fr\/qui-sommes-nous\/nos-membres-fondateurs\/\" data-read-time=\"5\" data-side=\"\" data-action=\"like\"><\/div>","protected":false},"excerpt":{"rendered":"<p>Les membres du bureau Samir AITA Economiste, ancien r\u00e9dacteur en chef et directeur g\u00e9n\u00e9ral de l\u2019\u00e9dition arabe du Monde Diplomatique.\u00a0Pr\u00e9sident du cercle des economistes arabes.Cliquer ici pour plus d\u2019informations. Karim BITAR Chercheur associ\u00e9 \u00e0 l\u2019IRIS. Directeur g\u00e9n\u00e9ral de KB Consulting<a class=\"more-link\" href=\"https:\/\/www.economistes-arabes.org\/fr\/qui-sommes-nous\/nos-membres-fondateurs\/\">Read more&#8230;<\/a><\/p>\n","protected":false},"author":1,"featured_media":0,"parent":7,"menu_order":0,"comment_status":"open","ping_status":"open","template":"","meta":{"footnotes":""},"class_list":["post-67","page","type-page","status-publish","hentry"],"_links":{"self":[{"href":"https:\/\/www.economistes-arabes.org\/fr\/wp-json\/wp\/v2\/pages\/67","targetHints":{"allow":["GET"]}}],"collection":[{"href":"https:\/\/www.economistes-arabes.org\/fr\/wp-json\/wp\/v2\/pages"}],"about":[{"href":"https:\/\/www.economistes-arabes.org\/fr\/wp-json\/wp\/v2\/types\/page"}],"author":[{"embeddable":true,"href":"https:\/\/www.economistes-arabes.org\/fr\/wp-json\/wp\/v2\/users\/1"}],"replies":[{"embeddable":true,"href":"https:\/\/www.economistes-arabes.org\/fr\/wp-json\/wp\/v2\/comments?post=67"}],"version-history":[{"count":9,"href":"https:\/\/www.economistes-arabes.org\/fr\/wp-json\/wp\/v2\/pages\/67\/revisions"}],"predecessor-version":[{"id":506,"href":"https:\/\/www.economistes-arabes.org\/fr\/wp-json\/wp\/v2\/pages\/67\/revisions\/506"}],"up":[{"embeddable":true,"href":"https:\/\/www.economistes-arabes.org\/fr\/wp-json\/wp\/v2\/pages\/7"}],"wp:attachment":[{"href":"https:\/\/www.economistes-arabes.org\/fr\/wp-json\/wp\/v2\/media?parent=67"}],"curies":[{"name":"wp","href":"https:\/\/api.w.org\/{rel}","templated":true}]}}